{"id":589,"date":"2023-09-15T15:16:01","date_gmt":"2023-09-15T13:16:01","guid":{"rendered":"http:\/\/freesens.net\/?post_type=product&#038;p=589"},"modified":"2023-09-15T15:49:31","modified_gmt":"2023-09-15T13:49:31","slug":"savon-de-marseille-fleur-de-coton-100g","status":"publish","type":"product","link":"https:\/\/freesens.net\/?product=savon-de-marseille-fleur-de-coton-100g","title":{"rendered":"SAVON DE MARSEILLE FLEUR DE COTON 100g"},"content":{"rendered":"<p><i class=\"icon-search-line\" style=\"color:#5A2C60\"><\/i>EN SAVOIR PLUS<\/p>\n<p><i class=\"icon-check\" style=\"color:#8AA932\"><\/i> Nos savons sont fabriqu\u00e9s de mani\u00e8re artisanale en France \u00e0 partir d&rsquo;huiles v\u00e9g\u00e9tales.<\/p>\n<p><i class=\"icon-check\" style=\"color:#8AA932\"><\/i> Tous nos savons sont enrichis en beurre de karit\u00e9 afin d&rsquo;apporter \u00e0 la peau vitamines et hydratation.<\/p>\n<p style=\"font-weight: 400;\">Il est pr\u00e9sent\u00e9 dans sa boite m\u00e9tallique collector au design Pop Art avec la Joconde dans le style Andy Warhol.<\/p>\n<div class=\"footer-container\">\n<footer id=\"footer\" class=\"container\">\n<div class=\"row\"><\/div>\n<\/footer>\n<\/div>\n","protected":false},"excerpt":{"rendered":"<p id=\"product_reference\"><label>R\u00e9f\u00e9rence :<\/label> 3770008189201<\/p>\n<p id=\"product_condition\"><label>\u00c9tat :<\/label>\u00a0<span class=\"editable\">Nouveau produit<\/span><\/p>\n<div id=\"short_description_block\">\n<div id=\"short_description_content\" class=\"rte align_justify\">\n<div id=\"short_description_block\">\n<div id=\"short_description_content\" class=\"rte align_justify\">\n<div id=\"short_description_block\">\n<div id=\"short_description_content\" class=\"rte align_justify\">\n<div id=\"short_description_block\">\n<div id=\"short_description_content\" class=\"rte align_justify\">\n<p>&nbsp;<\/p>\n<\/div>\n<\/div>\n<\/div>\n<\/div>\n<\/div>\n<\/div>\n<\/div>\n<\/div>\n","protected":false},"featured_media":592,"comment_status":"closed","ping_status":"closed","template":"","meta":[],"_links":{"self":[{"href":"https:\/\/freesens.net\/index.php?rest_route=\/wp\/v2\/product\/589"}],"collection":[{"href":"https:\/\/freesens.net\/index.php?rest_route=\/wp\/v2\/product"}],"about":[{"href":"https:\/\/freesens.net\/index.php?rest_route=\/wp\/v2\/types\/product"}],"replies":[{"embeddable":true,"href":"https:\/\/freesens.net\/index.php?rest_route=%2Fwp%2Fv2%2Fcomments&post=589"}],"wp:featuredmedia":[{"embeddable":true,"href":"https:\/\/freesens.net\/index.php?rest_route=\/wp\/v2\/media\/592"}],"wp:attachment":[{"href":"https:\/\/freesens.net\/index.php?rest_route=%2Fwp%2Fv2%2Fmedia&parent=589"}],"curies":[{"name":"wp","href":"https:\/\/api.w.org\/{rel}","templated":true}]}}