{"id":561,"date":"2021-02-02T21:30:32","date_gmt":"2021-02-02T20:30:32","guid":{"rendered":"http:\/\/version2.freesens.net\/?post_type=product&#038;p=561"},"modified":"2023-02-13T18:25:24","modified_gmt":"2023-02-13T17:25:24","slug":"lhuile-seche-multifonctions-aux-3-huiles-precieuses-copie","status":"publish","type":"product","link":"https:\/\/freesens.net\/?product=lhuile-seche-multifonctions-aux-3-huiles-precieuses-copie","title":{"rendered":"L\u2019huile s\u00e8che multifonctions aux 3 huiles pr\u00e9cieuses 50ML"},"content":{"rendered":"<p><i class=\"icon-search-line\" style=\"color:#5A2C60\"><\/i>EN SAVOIR PLUS<\/p>\n<p>Elle est enrichie aux 3 huiles pr\u00e9cieuses\u00a0: l\u2019huile d\u2019Argan BIO, l\u2019huile d\u2019Amande douce et l\u2019huile de Buriti.<\/p>\n<p><i class=\"icon-check\" style=\"color:#8AA932\"><\/i> L\u2019Huile d\u2019Aragan BIO , riche en anti-oxydants, redonne \u00e9lasticit\u00e9 et souplesse \u00e0 la peau, et lutte contre les signes de vieillissement de la peau.<\/p>\n<p><i class=\"icon-check\" style=\"color:#8AA932\"><\/i> L\u2019Huile d\u2019Amande douce hydrate et prot\u00e8ge la peau et les cheveux, en redonnant de la vigueur et de l\u2019\u00e9clat.<\/p>\n<p><i class=\"icon-check\" style=\"color:#8AA932\"><\/i>L\u2019Huile de Buriti illumine le teint gr\u00e2ce \u00e0 son effet bonne mine, et prot\u00e8ge du soleil.<\/p>\n<p>Elle est ultra-nourrissante et sublimante. Elle s\u2019applique aussi bien sur le Visage, le Corps et les Cheveux.<\/p>\n<p>Elle est particuli\u00e8rement adapt\u00e9e aux peaux s\u00e8ches et tr\u00e8s s\u00e8ches.Elle contient + de 98% d\u2019ingr\u00e9dients naturels.<\/p>\n<p>On l&rsquo;utilisera pour : hydrater la peau du visage et du corps, r\u00e9duire les vergetures, nourrir et r\u00e9parer les cheveux, parfaire le bronzage, avant le shampooing, avant de se baigner, ou pour le plaisir\u2026<\/p>\n<p>Elle se pr\u00e9sente en flacon-pompe en verre de 50 ml et 100 ml.<\/p>\n","protected":false},"excerpt":{"rendered":"<p>R\u00e9f\u00e9rence : 3770008189133<\/p>\n<p>Elle se pr\u00e9sente en flacon-pompe en verre de 50 ml et 100 ml<strong>.<\/strong><\/p>\n<div style=\"width: 848px;\" class=\"wp-video\"><!--[if lt IE 9]><script>document.createElement('video');<\/script><![endif]-->\n<video class=\"wp-video-shortcode\" id=\"video-561-1\" width=\"848\" height=\"480\" preload=\"metadata\" controls=\"controls\"><source type=\"video\/mp4\" src=\"http:\/\/freesens.net\/wp-content\/uploads\/2023\/02\/VIDEO-HUILE-SECHE-FREESENS.mp4?_=1\" \/><a href=\"http:\/\/freesens.net\/wp-content\/uploads\/2023\/02\/VIDEO-HUILE-SECHE-FREESENS.mp4\">http:\/\/freesens.net\/wp-content\/uploads\/2023\/02\/VIDEO-HUILE-SECHE-FREESENS.mp4<\/a><\/video><\/div>\n<p>&nbsp;<\/p>\n","protected":false},"featured_media":564,"comment_status":"closed","ping_status":"closed","template":"","meta":[],"_links":{"self":[{"href":"https:\/\/freesens.net\/index.php?rest_route=\/wp\/v2\/product\/561"}],"collection":[{"href":"https:\/\/freesens.net\/index.php?rest_route=\/wp\/v2\/product"}],"about":[{"href":"https:\/\/freesens.net\/index.php?rest_route=\/wp\/v2\/types\/product"}],"replies":[{"embeddable":true,"href":"https:\/\/freesens.net\/index.php?rest_route=%2Fwp%2Fv2%2Fcomments&post=561"}],"wp:featuredmedia":[{"embeddable":true,"href":"https:\/\/freesens.net\/index.php?rest_route=\/wp\/v2\/media\/564"}],"wp:attachment":[{"href":"https:\/\/freesens.net\/index.php?rest_route=%2Fwp%2Fv2%2Fmedia&parent=561"}],"curies":[{"name":"wp","href":"https:\/\/api.w.org\/{rel}","templated":true}]}}