{"id":559,"date":"2020-09-15T00:02:41","date_gmt":"2020-09-14T22:02:41","guid":{"rendered":"http:\/\/version2.freesens.net\/?post_type=product&#038;p=559"},"modified":"2021-02-09T23:48:32","modified_gmt":"2021-02-09T22:48:32","slug":"savon-liquide-de-marseille-monoi","status":"publish","type":"product","link":"https:\/\/freesens.net\/?product=savon-liquide-de-marseille-monoi","title":{"rendered":"Gel Douche Surgras sans savon MONO\u00cf 100ML"},"content":{"rendered":"<p><i class=\"icon-search-line\" style=\"color:#5A2C60\"><\/i>EN SAVOIR PLUS<\/p>\n<p><i class=\"icon-check\" style=\"color:#8AA932\"><\/i> Le gel douche Freesens sans savon est enrichi en agents surgras. Il nettoie la peau en douceur et au quotidien sans l&rsquo;agresser gr\u00e2ce \u00e0 son pH neutre qui respecte l&rsquo;\u00e9piderme.<br \/>\nSa haute tol\u00e9rance convient parfaitement aux peaux s\u00e8ches, sensibles et d\u00e9licates.<\/p>\n<p><i class=\"icon-check\" style=\"color:#8AA932\"><\/i> C&rsquo;est un 3 en 1, il s&rsquo;applique aussi bien sur la peau (visage et corps) que sur les cheveux.<br \/>\nSa texture onctueuse apporte douceur, confort et souplesse \u00e0 la peau.<\/p>\n<p><i class=\"icon-check\" style=\"color:#8AA932\"><\/i> Senteur : Mono\u00ef<\/p>\n<p><i class=\"icon-check\" style=\"color:#8AA932\"><\/i> Flacon de 100ml<\/p>\n<p><i class=\"icon-check\" style=\"color:#8AA932\"><\/i> 0% paraben. 0% graisses animales. 0% savon. 0% silicone. 0% phtalates<\/p>\n","protected":false},"excerpt":{"rendered":"<p><label>R\u00e9f\u00e9rence :<\/label> 3770008189171<\/p>\n<p id=\"product_condition\">Monoi 100ml<\/p>\n","protected":false},"featured_media":560,"comment_status":"closed","ping_status":"closed","template":"","meta":[],"_links":{"self":[{"href":"https:\/\/freesens.net\/index.php?rest_route=\/wp\/v2\/product\/559"}],"collection":[{"href":"https:\/\/freesens.net\/index.php?rest_route=\/wp\/v2\/product"}],"about":[{"href":"https:\/\/freesens.net\/index.php?rest_route=\/wp\/v2\/types\/product"}],"replies":[{"embeddable":true,"href":"https:\/\/freesens.net\/index.php?rest_route=%2Fwp%2Fv2%2Fcomments&post=559"}],"wp:featuredmedia":[{"embeddable":true,"href":"https:\/\/freesens.net\/index.php?rest_route=\/wp\/v2\/media\/560"}],"wp:attachment":[{"href":"https:\/\/freesens.net\/index.php?rest_route=%2Fwp%2Fv2%2Fmedia&parent=559"}],"curies":[{"name":"wp","href":"https:\/\/api.w.org\/{rel}","templated":true}]}}