{"id":535,"date":"2021-02-02T14:00:51","date_gmt":"2021-02-02T13:00:51","guid":{"rendered":"http:\/\/version2.freesens.net\/?post_type=product&#038;p=535"},"modified":"2021-02-21T13:04:03","modified_gmt":"2021-02-21T12:04:03","slug":"le-stick-levres","status":"publish","type":"product","link":"https:\/\/freesens.net\/?product=le-stick-levres","title":{"rendered":"Le stick l\u00e8vres 4g"},"content":{"rendered":"<p><i class=\"icon-search-line\" style=\"color:#5A2C60\"><\/i>EN SAVOIR PLUS<\/p>\n<p style=\"font-weight: 400;\"><i class=\"icon-check\" style=\"color:#8AA932\"><\/i>Enrichi \u00e0 l&rsquo;Alo\u00e9 v\u00e9ra, au beurre de Karit\u00e9 et \u00e0 la Vitamine E.<\/p>\n<p style=\"font-weight: 400;\"><i class=\"icon-check\" style=\"color:#8AA932\"><\/i>Pour hydrater ,\u00a0nourrir, et\u00a0r\u00e9parer les l\u00e8vres.<\/p>\n","protected":false},"excerpt":{"rendered":"<p>R\u00e9f\u00e9rence : 3770008189010<\/p>\n","protected":false},"featured_media":536,"comment_status":"closed","ping_status":"closed","template":"","meta":[],"_links":{"self":[{"href":"https:\/\/freesens.net\/index.php?rest_route=\/wp\/v2\/product\/535"}],"collection":[{"href":"https:\/\/freesens.net\/index.php?rest_route=\/wp\/v2\/product"}],"about":[{"href":"https:\/\/freesens.net\/index.php?rest_route=\/wp\/v2\/types\/product"}],"replies":[{"embeddable":true,"href":"https:\/\/freesens.net\/index.php?rest_route=%2Fwp%2Fv2%2Fcomments&post=535"}],"wp:featuredmedia":[{"embeddable":true,"href":"https:\/\/freesens.net\/index.php?rest_route=\/wp\/v2\/media\/536"}],"wp:attachment":[{"href":"https:\/\/freesens.net\/index.php?rest_route=%2Fwp%2Fv2%2Fmedia&parent=535"}],"curies":[{"name":"wp","href":"https:\/\/api.w.org\/{rel}","templated":true}]}}