{"id":534,"date":"2021-02-01T13:00:55","date_gmt":"2021-02-01T12:00:55","guid":{"rendered":"http:\/\/version2.freesens.net\/?post_type=product&#038;p=534"},"modified":"2021-02-21T13:29:50","modified_gmt":"2021-02-21T12:29:50","slug":"gel-hydroalcoolique-en-flacon-pompe-de-1l","status":"publish","type":"product","link":"https:\/\/freesens.net\/?product=gel-hydroalcoolique-en-flacon-pompe-de-1l","title":{"rendered":"\u00a0Gel hydroalcoolique en flacon-pompe de 1L"},"content":{"rendered":"<p style=\"font-weight: 400;\"><i class=\"icon-search-line\" style=\"color:#5A2C60\"><\/i>EN SAVOIR PLUS<\/p>\n<p style=\"font-weight: 400;\"><i class=\"icon-check\" style=\"color:#8AA932\"><\/i>Activit\u00e9 bact\u00e9ricide : NF EN 13727 (30 secondes) + Activit\u00e9 levuricide : NF EN 1275, 13624 (30 secondes) + Activit\u00e9 virucide : NF EN 14476 (30 secondes)<\/p>\n<p style=\"font-weight: 400;\"><i class=\"icon-check\" style=\"color:#8AA932\"><\/i>\u00a0La norme EN 14476 certifie que le Gel Hydro Alcoolique\u00a0<u>est actif sur le Covid 19<\/u>.<\/p>\n<p style=\"font-weight: 400;\"><i class=\"icon-check\" style=\"color:#8AA932\"><\/i>Il est destin\u00e9 \u00e0 \u00eatre appliqu\u00e9 sur les mains. Il est fabriqu\u00e9 en France. Le format est tr\u00e8s pratique pour les bureaux, les boutiques, les lieux d&rsquo;activit\u00e9s, les collectivit\u00e9s &#8230;.<\/p>\n","protected":false},"excerpt":{"rendered":"<p><label>R\u00e9f\u00e9rence : 3770008189188\u00a0<\/label><\/p>\n","protected":false},"featured_media":537,"comment_status":"closed","ping_status":"closed","template":"","meta":[],"_links":{"self":[{"href":"https:\/\/freesens.net\/index.php?rest_route=\/wp\/v2\/product\/534"}],"collection":[{"href":"https:\/\/freesens.net\/index.php?rest_route=\/wp\/v2\/product"}],"about":[{"href":"https:\/\/freesens.net\/index.php?rest_route=\/wp\/v2\/types\/product"}],"replies":[{"embeddable":true,"href":"https:\/\/freesens.net\/index.php?rest_route=%2Fwp%2Fv2%2Fcomments&post=534"}],"wp:featuredmedia":[{"embeddable":true,"href":"https:\/\/freesens.net\/index.php?rest_route=\/wp\/v2\/media\/537"}],"wp:attachment":[{"href":"https:\/\/freesens.net\/index.php?rest_route=%2Fwp%2Fv2%2Fmedia&parent=534"}],"curies":[{"name":"wp","href":"https:\/\/api.w.org\/{rel}","templated":true}]}}