{"id":486,"date":"2021-02-02T21:00:50","date_gmt":"2021-02-02T20:00:50","guid":{"rendered":"http:\/\/version2.freesens.net\/?post_type=product&#038;p=486"},"modified":"2021-02-03T21:37:46","modified_gmt":"2021-02-03T20:37:46","slug":"emulsion-corporelle-ultra-nourrissante-1l","status":"publish","type":"product","link":"https:\/\/freesens.net\/?product=emulsion-corporelle-ultra-nourrissante-1l","title":{"rendered":"Emulsion Corporelle ULTRA-NOURRISSANTE 1L"},"content":{"rendered":"<p><i class=\"icon-search-line\" style=\"color:#5A2C60\"><\/i>EN SAVOIR PLUS<\/p>\n<p><i class=\"icon-check\" style=\"color:#8AA932\"><\/i>\u00a0A utiliser dans tous les cas de\u00a0peaux s\u00e8ches et tr\u00e8s s\u00e8ches, et tous les cas de dess\u00e8chement cutan\u00e9.<\/p>\n<p><i class=\"icon-check\" style=\"color:#8AA932\"><\/i>\u00a0Peut \u00e9galement \u00eatre utilis\u00e9e pour des peaux normales en cr\u00e8me de soin quotidien.<\/p>\n<p><i class=\"icon-check\" style=\"color:#8AA932\"><\/i> Elle apporte souplesse, confort et\u00a0<strong>DOUCEUR<\/strong>\u00a0\u00e0 la peau.<\/p>\n<p><i class=\"icon-check\" style=\"color:#8AA932\"><\/i>\u00a0Enrichie en\u00a0<strong>huile de macadamia<\/strong>.<\/p>\n<div class=\"footer-container\">\n<footer id=\"footer\" class=\"container\">\n<div class=\"row\">\n<div id=\"newsletter_block_left\" class=\"block\"><i class=\"icon-check\" style=\"color:#8AA932\"><\/i> Odeur agr\u00e9able.<\/div>\n<\/div>\n<\/footer>\n<\/div>\n<div class=\"columns-container\">\n<div id=\"columns\" class=\"container\">\n<div class=\"row\">\n<div id=\"center_column\" class=\"center_column col-xs-12 col-sm-12\">\n<section class=\"page-product-box\">\n<div class=\"rte\">\n<p><i class=\"icon-check\" style=\"color:#8AA932\"><\/i> P\u00e9n\u00e8tre rapidement.<\/p>\n<\/div>\n<\/section>\n<\/div>\n<\/div>\n<\/div>\n<\/div>\n","protected":false},"excerpt":{"rendered":"<p id=\"product_reference\"><label>R\u00e9f\u00e9rence :<\/label> 3401360166028<\/p>\n<p id=\"product_condition\"><label>\u00c9tat :<\/label>\u00a0<span class=\"editable\">Nouveau produit<\/span><\/p>\n<div id=\"short_description_block\">\n<div id=\"short_description_content\" class=\"rte align_justify\">\n<p>HUILE SECHE DE MACADAMIA 1L<\/p>\n<\/div>\n<\/div>\n","protected":false},"featured_media":487,"comment_status":"closed","ping_status":"closed","template":"","meta":[],"_links":{"self":[{"href":"https:\/\/freesens.net\/index.php?rest_route=\/wp\/v2\/product\/486"}],"collection":[{"href":"https:\/\/freesens.net\/index.php?rest_route=\/wp\/v2\/product"}],"about":[{"href":"https:\/\/freesens.net\/index.php?rest_route=\/wp\/v2\/types\/product"}],"replies":[{"embeddable":true,"href":"https:\/\/freesens.net\/index.php?rest_route=%2Fwp%2Fv2%2Fcomments&post=486"}],"wp:featuredmedia":[{"embeddable":true,"href":"https:\/\/freesens.net\/index.php?rest_route=\/wp\/v2\/media\/487"}],"wp:attachment":[{"href":"https:\/\/freesens.net\/index.php?rest_route=%2Fwp%2Fv2%2Fmedia&parent=486"}],"curies":[{"name":"wp","href":"https:\/\/api.w.org\/{rel}","templated":true}]}}