{"id":480,"date":"2021-02-02T18:06:35","date_gmt":"2021-02-02T17:06:35","guid":{"rendered":"http:\/\/version2.freesens.net\/?post_type=product&#038;p=480"},"modified":"2021-02-10T08:33:41","modified_gmt":"2021-02-10T07:33:41","slug":"creme-pour-les-mains","status":"publish","type":"product","link":"https:\/\/freesens.net\/?product=creme-pour-les-mains","title":{"rendered":"Cr\u00e8me pour les MAINS 75ML"},"content":{"rendered":"<p><i class=\"icon-search-line\" style=\"color:#5A2C60\"><\/i>EN SAVOIR PLUS<\/p>\n<p><i class=\"icon-check\" style=\"color:#8AA932\"><\/i> Cr\u00e8me des mains r\u00e9paratrice et Ultra-nourissante.<\/p>\n<p><i class=\"icon-check\" style=\"color:#8AA932\"><\/i> La cr\u00e8me pour les mains FREESENS est enrichie \u00e0 l\u2019Huile de Macadamia, au beurre de karit\u00e9 et \u00e0 la Vitamine E. Elle est test\u00e9e sous contr\u00f4le dermatologique, et formul\u00e9e pour minimiser les risques d\u2019allergie. D\u00e9licatement parfum\u00e9e, non grasse et adoucissante, elle assure une protection efficace contre les agressions ext\u00e9rieures.<\/p>\n<p>&nbsp;<\/p>\n<p>&nbsp;<\/p>\n","protected":false},"excerpt":{"rendered":"<p id=\"product_reference\"><label>R\u00e9f\u00e9rence :<\/label> 3770008189089<\/p>\n<p id=\"product_condition\"><label>\u00c9tat :<\/label>\u00a0<span class=\"editable\">Nouveau produit<\/span><\/p>\n<p>Notre conseil : \u00e0 mettre entre toutes les mains\u2026<\/p>\n","protected":false},"featured_media":553,"comment_status":"closed","ping_status":"closed","template":"","meta":[],"_links":{"self":[{"href":"https:\/\/freesens.net\/index.php?rest_route=\/wp\/v2\/product\/480"}],"collection":[{"href":"https:\/\/freesens.net\/index.php?rest_route=\/wp\/v2\/product"}],"about":[{"href":"https:\/\/freesens.net\/index.php?rest_route=\/wp\/v2\/types\/product"}],"replies":[{"embeddable":true,"href":"https:\/\/freesens.net\/index.php?rest_route=%2Fwp%2Fv2%2Fcomments&post=480"}],"wp:featuredmedia":[{"embeddable":true,"href":"https:\/\/freesens.net\/index.php?rest_route=\/wp\/v2\/media\/553"}],"wp:attachment":[{"href":"https:\/\/freesens.net\/index.php?rest_route=%2Fwp%2Fv2%2Fmedia&parent=480"}],"curies":[{"name":"wp","href":"https:\/\/api.w.org\/{rel}","templated":true}]}}