{"id":475,"date":"2021-02-03T09:30:25","date_gmt":"2021-02-03T08:30:25","guid":{"rendered":"http:\/\/version2.freesens.net\/?post_type=product&#038;p=475"},"modified":"2021-02-10T08:32:03","modified_gmt":"2021-02-10T07:32:03","slug":"family-shampooing-2-en-1-aloe-vera","status":"publish","type":"product","link":"https:\/\/freesens.net\/?product=family-shampooing-2-en-1-aloe-vera","title":{"rendered":"FAMILY SHAMPOOING 2 en 1 ALOE VERA 750ML"},"content":{"rendered":"<p><i class=\"icon-search-line\" style=\"color:#5A2C60\"><\/i>EN SAVOIR PLUS<\/p>\n<p><i class=\"icon-check\" style=\"color:#8AA932\"><\/i>\u00a0Ce Shampooing lave les cheveux en douceur. De pH neutre , il permet un nettoyage effi\u00adcace tout en respectant le film hydrolipidique naturel du cuir chevelu. Sa formule, test\u00e9e sous contr\u00f4le dermatologique, est enrichie en extrait d\u2019Alo\u00e9 V\u00e9ra. Elle contient \u00e9galement un agent gainant d\u2019origine v\u00e9g\u00e9tale extrait de l\u2019Amande douce, afin de faciliter le d\u00e9m\u00ealage.<\/p>\n<p><i class=\"icon-check\" style=\"color:#8AA932\"><\/i>\u00a0D\u00e9licieusement parfum\u00e9 Fleur de Pommier, et concentr\u00e9 en agents d\u00e9m\u00ealants, ce Shampooing au format g\u00e9n\u00e9reux est id\u00e9al pour l\u2019entretien de tous types de cheveux.<\/p>\n<p><i class=\"icon-check\" style=\"color:#8AA932\"><\/i>\u00a0Conseils d\u2019utilisation\u00a0: Appliquer sur cheveux mouill\u00e9s. Masser d\u00e9licatement et faire mousser. Rincer abondamment.<\/p>\n","protected":false},"excerpt":{"rendered":"<p id=\"product_reference\"><label>R\u00e9f\u00e9rence :<\/label> 3401360040571<\/p>\n<p id=\"product_condition\"><label>\u00c9tat :<\/label>\u00a0<span class=\"editable\">Nouveau produit<\/span><\/p>\n<div id=\"short_description_block\">\n<div id=\"short_description_content\" class=\"rte align_justify\">\n<div id=\"short_description_block\">\n<div id=\"short_description_content\" class=\"rte align_justify\">\n<div id=\"short_description_block\">\n<div id=\"short_description_content\" class=\"rte align_justify\">\n<div id=\"short_description_block\">\n<div id=\"short_description_content\" class=\"rte align_justify\">\n<div id=\"short_description_block\">\n<div id=\"short_description_content\" class=\"rte align_justify\">\n<div id=\"short_description_block\">\n<div id=\"short_description_content\" class=\"rte align_justify\">\n<div id=\"short_description_block\">\n<div id=\"short_description_content\" class=\"rte align_justify\">\n<div id=\"short_description_block\">\n<div id=\"short_description_content\" class=\"rte align_justify\">\n<p>Alo\u00e9 V\u00e9ra. 750ml<\/p>\n<\/div>\n<\/div>\n<\/div>\n<\/div>\n<\/div>\n<\/div>\n<\/div>\n<\/div>\n<\/div>\n<\/div>\n<\/div>\n<\/div>\n<\/div>\n<\/div>\n<\/div>\n<\/div>\n","protected":false},"featured_media":554,"comment_status":"closed","ping_status":"closed","template":"","meta":[],"_links":{"self":[{"href":"https:\/\/freesens.net\/index.php?rest_route=\/wp\/v2\/product\/475"}],"collection":[{"href":"https:\/\/freesens.net\/index.php?rest_route=\/wp\/v2\/product"}],"about":[{"href":"https:\/\/freesens.net\/index.php?rest_route=\/wp\/v2\/types\/product"}],"replies":[{"embeddable":true,"href":"https:\/\/freesens.net\/index.php?rest_route=%2Fwp%2Fv2%2Fcomments&post=475"}],"wp:featuredmedia":[{"embeddable":true,"href":"https:\/\/freesens.net\/index.php?rest_route=\/wp\/v2\/media\/554"}],"wp:attachment":[{"href":"https:\/\/freesens.net\/index.php?rest_route=%2Fwp%2Fv2%2Fmedia&parent=475"}],"curies":[{"name":"wp","href":"https:\/\/api.w.org\/{rel}","templated":true}]}}