{"id":447,"date":"2021-02-03T18:00:32","date_gmt":"2021-02-03T17:00:32","guid":{"rendered":"http:\/\/version2.freesens.net\/?post_type=product&#038;p=447"},"modified":"2021-02-10T08:28:34","modified_gmt":"2021-02-10T07:28:34","slug":"savon-de-marseille-lavande","status":"publish","type":"product","link":"https:\/\/freesens.net\/?product=savon-de-marseille-lavande","title":{"rendered":"SAVON DE MARSEILLE LAVANDE 100g"},"content":{"rendered":"<p><i class=\"icon-search-line\" style=\"color:#5A2C60\"><\/i>EN SAVOIR PLUS<\/p>\n<p><i class=\"icon-check\" style=\"color:#8AA932\"><\/i> Nos savons sont fabriqu\u00e9s de mani\u00e8re artisanale en France \u00e0 partir d&rsquo;huiles v\u00e9g\u00e9tales.<\/p>\n<p><i class=\"icon-check\" style=\"color:#8AA932\"><\/i> Tous nos savons sont enrichis en beurre de karit\u00e9 afin d&rsquo;apporter \u00e0 la peau vitamines et hydratation.<\/p>\n<div class=\"footer-container\">\n<footer id=\"footer\" class=\"container\">\n<div class=\"row\"><\/div>\n<\/footer>\n<\/div>\n","protected":false},"excerpt":{"rendered":"<p id=\"product_reference\"><label>R\u00e9f\u00e9rence :<\/label> 3770008189041<\/p>\n<p id=\"product_condition\"><label>\u00c9tat :<\/label>\u00a0<span class=\"editable\">Nouveau produit<\/span><\/p>\n<div id=\"short_description_block\">\n<div id=\"short_description_content\" class=\"rte align_justify\">\n<div id=\"short_description_block\">\n<div id=\"short_description_content\" class=\"rte align_justify\">\n<div id=\"short_description_block\">\n<div id=\"short_description_content\" class=\"rte align_justify\">\n<div id=\"short_description_block\">\n<div id=\"short_description_content\" class=\"rte align_justify\">\n<p>PAINS DE 100 GRAMMES. EDITION COLLECTOR<\/p>\n<\/div>\n<\/div>\n<\/div>\n<\/div>\n<\/div>\n<\/div>\n<\/div>\n<\/div>\n","protected":false},"featured_media":521,"comment_status":"closed","ping_status":"closed","template":"","meta":[],"_links":{"self":[{"href":"https:\/\/freesens.net\/index.php?rest_route=\/wp\/v2\/product\/447"}],"collection":[{"href":"https:\/\/freesens.net\/index.php?rest_route=\/wp\/v2\/product"}],"about":[{"href":"https:\/\/freesens.net\/index.php?rest_route=\/wp\/v2\/types\/product"}],"replies":[{"embeddable":true,"href":"https:\/\/freesens.net\/index.php?rest_route=%2Fwp%2Fv2%2Fcomments&post=447"}],"wp:featuredmedia":[{"embeddable":true,"href":"https:\/\/freesens.net\/index.php?rest_route=\/wp\/v2\/media\/521"}],"wp:attachment":[{"href":"https:\/\/freesens.net\/index.php?rest_route=%2Fwp%2Fv2%2Fmedia&parent=447"}],"curies":[{"name":"wp","href":"https:\/\/api.w.org\/{rel}","templated":true}]}}