{"id":427,"date":"2021-02-01T12:00:47","date_gmt":"2021-02-01T11:00:47","guid":{"rendered":"http:\/\/version2.freesens.net\/?post_type=product&#038;p=427"},"modified":"2021-02-09T23:49:34","modified_gmt":"2021-02-09T22:49:34","slug":"gel-douche-surgras-sans-savon-aloe-vera","status":"publish","type":"product","link":"https:\/\/freesens.net\/?product=gel-douche-surgras-sans-savon-aloe-vera","title":{"rendered":"Gel douche surgras sans savon FLEUR DE COTON 100ML"},"content":{"rendered":"<p><i class=\"icon-search-line\" style=\"color:#5A2C60\"><\/i>EN SAVOIR PLUS<\/p>\n<p><i class=\"icon-check\" style=\"color:#8AA932\"><\/i> Le gel douche Freesens sans savon est enrichi en agents surgras. Il nettoie la peau en douceur et au quotidien sans l&rsquo;agresser gr\u00e2ce \u00e0 son pH neutre qui respecte l&rsquo;\u00e9piderme.<br \/>\nSa haute tol\u00e9rance convient parfaitement aux peaux s\u00e8ches, sensibles et d\u00e9licates.<\/p>\n<p><i class=\"icon-check\" style=\"color:#8AA932\"><\/i> C&rsquo;est un 3 en 1, il s&rsquo;applique aussi bien sur la peau (visage et corps) que sur les cheveux.<br \/>\nSa texture onctueuse apporte douceur, confort et souplesse \u00e0 la peau.<\/p>\n<p><i class=\"icon-check\" style=\"color:#8AA932\"><\/i> Senteur : Fleur de coton<\/p>\n<p><i class=\"icon-check\" style=\"color:#8AA932\"><\/i> Flacon de 100ml<\/p>\n<p><i class=\"icon-check\" style=\"color:#8AA932\"><\/i> 0% paraben. 0% graisses animales. 0% savon. 0% silicone. 0% phtalates<\/p>\n","protected":false},"excerpt":{"rendered":"<p id=\"product_reference\"><label>R\u00e9f\u00e9rence :<\/label> 3401381757335<\/p>\n<p id=\"product_condition\"><label>\u00c9tat :<\/label>\u00a0<span class=\"editable\">Nouveau produit<\/span><\/p>\n<div id=\"short_description_block\">\n<div id=\"short_description_content\" class=\"rte align_justify\">\n<div id=\"short_description_block\">\n<div id=\"short_description_content\" class=\"rte align_justify\">\n<div id=\"short_description_block\">\n<div id=\"short_description_content\" class=\"rte align_justify\">\n<p>Alo\u00e9 V\u00e9ra 100ml<\/p>\n<\/div>\n<\/div>\n<\/div>\n<\/div>\n<\/div>\n<\/div>\n","protected":false},"featured_media":555,"comment_status":"closed","ping_status":"closed","template":"","meta":[],"_links":{"self":[{"href":"https:\/\/freesens.net\/index.php?rest_route=\/wp\/v2\/product\/427"}],"collection":[{"href":"https:\/\/freesens.net\/index.php?rest_route=\/wp\/v2\/product"}],"about":[{"href":"https:\/\/freesens.net\/index.php?rest_route=\/wp\/v2\/types\/product"}],"replies":[{"embeddable":true,"href":"https:\/\/freesens.net\/index.php?rest_route=%2Fwp%2Fv2%2Fcomments&post=427"}],"wp:featuredmedia":[{"embeddable":true,"href":"https:\/\/freesens.net\/index.php?rest_route=\/wp\/v2\/media\/555"}],"wp:attachment":[{"href":"https:\/\/freesens.net\/index.php?rest_route=%2Fwp%2Fv2%2Fmedia&parent=427"}],"curies":[{"name":"wp","href":"https:\/\/api.w.org\/{rel}","templated":true}]}}