{"id":405,"date":"2021-02-03T20:30:59","date_gmt":"2021-02-03T19:30:59","guid":{"rendered":"http:\/\/version2.freesens.net\/?post_type=product&#038;p=405"},"modified":"2021-02-03T21:35:34","modified_gmt":"2021-02-03T20:35:34","slug":"savon-liquide-de-marseille-fleur-de-lavande-1l","status":"publish","type":"product","link":"https:\/\/freesens.net\/?product=savon-liquide-de-marseille-fleur-de-lavande-1l","title":{"rendered":"Savon liquide de Marseille FLEUR DE LAVANDE 1L"},"content":{"rendered":"<p><i class=\"icon-search-line\" style=\"color:#5A2C60\"><\/i>EN SAVOIR PLUS<\/p>\n<p><i class=\"icon-check\" style=\"color:#8AA932\"><\/i> Ce savon apporte confort et <strong>douceur<\/strong> par sa teneur en glyc\u00e9rine naturelle hydratante et ses qualit\u00e9s anti-dess\u00e9chantes.<\/p>\n<p><i class=\"icon-check\" style=\"color:#8AA932\"><\/i> Contient de l&rsquo;huile d&rsquo;argan, riche en vitamine E et en acides gras essentiels omega 6, antioxydants qui pr\u00e9viennent le d\u00e9ss\u00e8chement cutan\u00e9<\/p>\n<p><i class=\"icon-check\" style=\"color:#8AA932\"><\/i> Fabriqu\u00e9 en France par un Ma\u00eetre Savonnier \u00e0 partir d&rsquo;huiles 100% v\u00e9g\u00e9tales, selon la m\u00e9thode de saponification au chaudron.<\/p>\n<p><i class=\"icon-check\" style=\"color:#8AA932\"><\/i> Sans paraben, sans huile de palme, sans graisses animales, sans sulfate.<\/p>\n<p><i class=\"icon-check\" style=\"color:#8AA932\"><\/i> Flacon pompe de 1 litre<\/p>\n<div class=\"columns-container\">\n<div id=\"columns\" class=\"container\">\n<div class=\"row\">\n<div id=\"center_column\" class=\"center_column col-xs-12 col-sm-12\">\n<section class=\"page-product-box\">\n<div class=\"rte\">\n<p>&nbsp;<\/p>\n<\/div>\n<\/section>\n<\/div>\n<\/div>\n<\/div>\n<\/div>\n<div class=\"footer-container\">\n<footer id=\"footer\" class=\"container\">\n<div class=\"row\">\n<div id=\"newsletter_block_left\" class=\"block\"><\/div>\n<\/div>\n<\/footer>\n<\/div>\n","protected":false},"excerpt":{"rendered":"<p id=\"product_reference\"><label>R\u00e9f\u00e9rence :<\/label> 3401562705391<\/p>\n<p id=\"product_condition\"><label>\u00c9tat :<\/label>\u00a0<span class=\"editable\">Nouveau produit<\/span><\/p>\n<div id=\"short_description_block\">\n<div id=\"short_description_content\" class=\"rte align_justify\">\n<p>FLEUR DE LAVANDE 1 LITRE<\/p>\n<\/div>\n<\/div>\n","protected":false},"featured_media":514,"comment_status":"closed","ping_status":"closed","template":"","meta":[],"_links":{"self":[{"href":"https:\/\/freesens.net\/index.php?rest_route=\/wp\/v2\/product\/405"}],"collection":[{"href":"https:\/\/freesens.net\/index.php?rest_route=\/wp\/v2\/product"}],"about":[{"href":"https:\/\/freesens.net\/index.php?rest_route=\/wp\/v2\/types\/product"}],"replies":[{"embeddable":true,"href":"https:\/\/freesens.net\/index.php?rest_route=%2Fwp%2Fv2%2Fcomments&post=405"}],"wp:featuredmedia":[{"embeddable":true,"href":"https:\/\/freesens.net\/index.php?rest_route=\/wp\/v2\/media\/514"}],"wp:attachment":[{"href":"https:\/\/freesens.net\/index.php?rest_route=%2Fwp%2Fv2%2Fmedia&parent=405"}],"curies":[{"name":"wp","href":"https:\/\/api.w.org\/{rel}","templated":true}]}}